{"id":9267,"date":"2022-11-23T14:50:45","date_gmt":"2022-11-23T14:50:45","guid":{"rendered":"https:\/\/www.editris2000.it\/?post_type=product&#038;p=9267"},"modified":"2024-05-13T12:54:46","modified_gmt":"2024-05-13T12:54:46","slug":"il-maestro-del-chirurgo-domenico-della-marca-dancona-e-il-contesto-pittorico-del-canavese","status":"publish","type":"product","link":"http:\/\/www.editris2000.it\/?product=il-maestro-del-chirurgo-domenico-della-marca-dancona-e-il-contesto-pittorico-del-canavese","title":{"rendered":"Il Maestro del chirurgo Domenico della Marca d&#8217;Ancona e il contesto pittorico del Canavese"},"content":{"rendered":"<p>Nel corso della prima met\u00e0 del Quattrocento, il Canavese vive un florido momento di rinnovamento artistico che porter\u00e0 alla realizzazione di numerose pitture e cicli ad affresco all\u2019interno delle chiese del suo territorio.<br \/>\nIn un tale clima, si imporr\u00e0 in particolare la bottega di un pittore, ancora anonimo, conosciuto come \u201cMaestro di Domenico della Marca d\u2019Ancona\u201d, per via del nome del committente marchigiano della sua pi\u00f9 celebre opera presso la chiesa di Spinerano (San Carlo Canavese), con<br \/>\ncui \u00e8 stato finora spesso confuso.<br \/>\nPittore periferico, ma in grado di soddisfare le esigenze devozionali di comunit\u00e0, nobili e religiosi del territorio, attivo in Canavese almeno dal 1422 al 1450 circa, per poi migrare tra Casalese e Basso Vercellese, la sua bottega \u00e8 significativa per il notevole numero di opere conservatesi rispetto alle altre realt\u00e0 coeve piemontesi, da cui possiamo dedurre come fosse tra le pi\u00f9 prolifiche.<br \/>\nIl volume si apre con un\u2019analisi di dettaglio della figura del Maestro e delle sue opere, per proseguire ponendolo a confronto con il contesto pittorico del Canavese della prima met\u00e0 del XV secolo, in cui operavano artisti quali il pavese Dux Aymo o il suo \u201calter-ego\u201d Giacomino d\u2019Ivrea.<\/p>\n<hr \/>\n<p><strong>Indice del volume<\/strong><\/p>\n<p>Il \u201cmagister\u201d Domenico Pago della Marca d\u2019Ancona: pittore o committente?<br \/>\nL\u2019attivit\u00e0 del Maestro di Domenico e della sua bottega (1422-1456)<br \/>\nDagli esordi alle prime sperimentazioni (1422-1432)<br \/>\nLa decorazione di Santa Maria di Spinerano e gli anni della maturit\u00e0 (1435-1445 circa)<br \/>\nGli ultimi anni e la progressiva involuzione (1445 circa-1456)<br \/>\nUn\u2019ultima riflessione sul Maestro di Domenico e le attribuzioni respinte<br \/>\nIl Maestro di Domenico e il Canavese tra Tre e Quattrocento<br \/>\nLa cultura del pittore e alcune ipotesi sulla sua formazione<br \/>\nIl Maestro di Domenico e Giacomino d\u2019Ivrea a confronto<br \/>\nAttorno al Maestro di Domenico e a Giacomino d\u2019Ivrea.<br \/>\nRiflessioni e nuove proposte per il contesto pittorico canavesano di inizio Quattrocento<br \/>\nConclusioni<\/p>\n<p>Appendice documentaria<br \/>\nRinnovamento e \u201crestauro\u201d dell\u2019architettura chiesastica romanica nel Quattrocento. Prime riflessioni sugli edifici a margine<br \/>\ndelle opere pittoriche del maestro di Domenico della Marca d\u2019Ancona<\/p>\n<p>Catalogo delle opere<br \/>\nBibliografia<br \/>\nIndici dei luoghi e dei nomi<\/p>\n","protected":false},"excerpt":{"rendered":"<p>A cura di: Simone Bonicatto<\/p>\n<p>160 pagine<br \/>\nformato 20,5&#215;28 cm, dorso 1,5 cm<br \/>\ncopertina morbida<br \/>\nlingua: italiano<br \/>\n<a href=\"https:\/\/www.editris2000.it\/wp-content\/uploads\/2022\/11\/Maestro-dAncona-book-gallery.pdf\"><strong>Book Gallery<\/strong><\/a><br \/>\n[vc_separator type=&#8221;transparent&#8221; up=&#8221;2&#8243;]<\/p>\n<p>\u00a9 2022 Editris duemila snc, Torino<br \/>\nISBN-9788889853696<\/p>\n","protected":false},"featured_media":9222,"comment_status":"closed","ping_status":"closed","template":"","meta":[],"product_cat":[50],"product_tag":[],"yoast_head":"<!-- This site is optimized with the Yoast SEO plugin v20.9 - https:\/\/yoast.com\/wordpress\/plugins\/seo\/ -->\n<title>Il Maestro del chirurgo Domenico della Marca d&#039;Ancona e il contesto pittorico del Canavese - Editris2000<\/title>\n<meta name=\"robots\" content=\"index, follow, max-snippet:-1, max-image-preview:large, max-video-preview:-1\" \/>\n<link rel=\"canonical\" href=\"http:\/\/www.editris2000.it\/?product=il-maestro-del-chirurgo-domenico-della-marca-dancona-e-il-contesto-pittorico-del-canavese\" \/>\n<meta property=\"og:locale\" content=\"it_IT\" \/>\n<meta property=\"og:type\" content=\"article\" \/>\n<meta property=\"og:title\" content=\"Il Maestro del chirurgo Domenico della Marca d&#039;Ancona e il contesto pittorico del Canavese - Editris2000\" \/>\n<meta property=\"og:description\" content=\"A cura di: Simone Bonicatto  160 pagine formato 20,5x28 cm, dorso 1,5 cm copertina morbida lingua: italiano Book Gallery [vc_separator type=&quot;transparent&quot; up=&quot;2&quot;]  \u00a9 2022 Editris duemila snc, Torino ISBN-9788889853696\" \/>\n<meta property=\"og:url\" content=\"http:\/\/www.editris2000.it\/?product=il-maestro-del-chirurgo-domenico-della-marca-dancona-e-il-contesto-pittorico-del-canavese\" \/>\n<meta property=\"og:site_name\" content=\"Editris2000\" \/>\n<meta property=\"article:modified_time\" content=\"2024-05-13T12:54:46+00:00\" \/>\n<meta property=\"og:image\" content=\"http:\/\/www.editris2000.it\/wp-content\/uploads\/2022\/09\/cover-maestro-del-Canavese-WP.jpg\" \/>\n\t<meta property=\"og:image:width\" content=\"698\" \/>\n\t<meta property=\"og:image:height\" content=\"622\" \/>\n\t<meta property=\"og:image:type\" content=\"image\/jpeg\" \/>\n<meta name=\"twitter:card\" content=\"summary_large_image\" \/>\n<meta name=\"twitter:label1\" content=\"Tempo di lettura stimato\" \/>\n\t<meta name=\"twitter:data1\" content=\"2 minuti\" \/>\n<script type=\"application\/ld+json\" class=\"yoast-schema-graph\">{\"@context\":\"https:\/\/schema.org\",\"@graph\":[{\"@type\":\"WebPage\",\"@id\":\"http:\/\/www.editris2000.it\/?product=il-maestro-del-chirurgo-domenico-della-marca-dancona-e-il-contesto-pittorico-del-canavese\",\"url\":\"http:\/\/www.editris2000.it\/?product=il-maestro-del-chirurgo-domenico-della-marca-dancona-e-il-contesto-pittorico-del-canavese\",\"name\":\"Il Maestro del chirurgo Domenico della Marca d'Ancona e il contesto pittorico del Canavese - Editris2000\",\"isPartOf\":{\"@id\":\"http:\/\/www.editris2000.it\/#website\"},\"datePublished\":\"2022-11-23T14:50:45+00:00\",\"dateModified\":\"2024-05-13T12:54:46+00:00\",\"breadcrumb\":{\"@id\":\"http:\/\/www.editris2000.it\/?product=il-maestro-del-chirurgo-domenico-della-marca-dancona-e-il-contesto-pittorico-del-canavese#breadcrumb\"},\"inLanguage\":\"it-IT\",\"potentialAction\":[{\"@type\":\"ReadAction\",\"target\":[\"http:\/\/www.editris2000.it\/?product=il-maestro-del-chirurgo-domenico-della-marca-dancona-e-il-contesto-pittorico-del-canavese\"]}]},{\"@type\":\"BreadcrumbList\",\"@id\":\"http:\/\/www.editris2000.it\/?product=il-maestro-del-chirurgo-domenico-della-marca-dancona-e-il-contesto-pittorico-del-canavese#breadcrumb\",\"itemListElement\":[{\"@type\":\"ListItem\",\"position\":1,\"name\":\"Home\",\"item\":\"http:\/\/www.editris2000.it\/\"},{\"@type\":\"ListItem\",\"position\":2,\"name\":\"Shop\",\"item\":\"https:\/\/www.editris2000.it\/?page_id=253\"},{\"@type\":\"ListItem\",\"position\":3,\"name\":\"Il Maestro del chirurgo Domenico della Marca d&#8217;Ancona e il contesto pittorico del Canavese\"}]},{\"@type\":\"WebSite\",\"@id\":\"http:\/\/www.editris2000.it\/#website\",\"url\":\"http:\/\/www.editris2000.it\/\",\"name\":\"Editris2000\",\"description\":\"Editori a Torino dal 1980\",\"potentialAction\":[{\"@type\":\"SearchAction\",\"target\":{\"@type\":\"EntryPoint\",\"urlTemplate\":\"http:\/\/www.editris2000.it\/?s={search_term_string}\"},\"query-input\":\"required name=search_term_string\"}],\"inLanguage\":\"it-IT\"}]}<\/script>\n<!-- \/ Yoast SEO plugin. -->","yoast_head_json":{"title":"Il Maestro del chirurgo Domenico della Marca d'Ancona e il contesto pittorico del Canavese - Editris2000","robots":{"index":"index","follow":"follow","max-snippet":"max-snippet:-1","max-image-preview":"max-image-preview:large","max-video-preview":"max-video-preview:-1"},"canonical":"http:\/\/www.editris2000.it\/?product=il-maestro-del-chirurgo-domenico-della-marca-dancona-e-il-contesto-pittorico-del-canavese","og_locale":"it_IT","og_type":"article","og_title":"Il Maestro del chirurgo Domenico della Marca d'Ancona e il contesto pittorico del Canavese - Editris2000","og_description":"A cura di: Simone Bonicatto  160 pagine formato 20,5x28 cm, dorso 1,5 cm copertina morbida lingua: italiano Book Gallery [vc_separator type=\"transparent\" up=\"2\"]  \u00a9 2022 Editris duemila snc, Torino ISBN-9788889853696","og_url":"http:\/\/www.editris2000.it\/?product=il-maestro-del-chirurgo-domenico-della-marca-dancona-e-il-contesto-pittorico-del-canavese","og_site_name":"Editris2000","article_modified_time":"2024-05-13T12:54:46+00:00","og_image":[{"width":698,"height":622,"url":"http:\/\/www.editris2000.it\/wp-content\/uploads\/2022\/09\/cover-maestro-del-Canavese-WP.jpg","type":"image\/jpeg"}],"twitter_card":"summary_large_image","twitter_misc":{"Tempo di lettura stimato":"2 minuti"},"schema":{"@context":"https:\/\/schema.org","@graph":[{"@type":"WebPage","@id":"http:\/\/www.editris2000.it\/?product=il-maestro-del-chirurgo-domenico-della-marca-dancona-e-il-contesto-pittorico-del-canavese","url":"http:\/\/www.editris2000.it\/?product=il-maestro-del-chirurgo-domenico-della-marca-dancona-e-il-contesto-pittorico-del-canavese","name":"Il Maestro del chirurgo Domenico della Marca d'Ancona e il contesto pittorico del Canavese - Editris2000","isPartOf":{"@id":"http:\/\/www.editris2000.it\/#website"},"datePublished":"2022-11-23T14:50:45+00:00","dateModified":"2024-05-13T12:54:46+00:00","breadcrumb":{"@id":"http:\/\/www.editris2000.it\/?product=il-maestro-del-chirurgo-domenico-della-marca-dancona-e-il-contesto-pittorico-del-canavese#breadcrumb"},"inLanguage":"it-IT","potentialAction":[{"@type":"ReadAction","target":["http:\/\/www.editris2000.it\/?product=il-maestro-del-chirurgo-domenico-della-marca-dancona-e-il-contesto-pittorico-del-canavese"]}]},{"@type":"BreadcrumbList","@id":"http:\/\/www.editris2000.it\/?product=il-maestro-del-chirurgo-domenico-della-marca-dancona-e-il-contesto-pittorico-del-canavese#breadcrumb","itemListElement":[{"@type":"ListItem","position":1,"name":"Home","item":"http:\/\/www.editris2000.it\/"},{"@type":"ListItem","position":2,"name":"Shop","item":"https:\/\/www.editris2000.it\/?page_id=253"},{"@type":"ListItem","position":3,"name":"Il Maestro del chirurgo Domenico della Marca d&#8217;Ancona e il contesto pittorico del Canavese"}]},{"@type":"WebSite","@id":"http:\/\/www.editris2000.it\/#website","url":"http:\/\/www.editris2000.it\/","name":"Editris2000","description":"Editori a Torino dal 1980","potentialAction":[{"@type":"SearchAction","target":{"@type":"EntryPoint","urlTemplate":"http:\/\/www.editris2000.it\/?s={search_term_string}"},"query-input":"required name=search_term_string"}],"inLanguage":"it-IT"}]}},"_links":{"self":[{"href":"http:\/\/www.editris2000.it\/index.php?rest_route=\/wp\/v2\/product\/9267"}],"collection":[{"href":"http:\/\/www.editris2000.it\/index.php?rest_route=\/wp\/v2\/product"}],"about":[{"href":"http:\/\/www.editris2000.it\/index.php?rest_route=\/wp\/v2\/types\/product"}],"replies":[{"embeddable":true,"href":"http:\/\/www.editris2000.it\/index.php?rest_route=%2Fwp%2Fv2%2Fcomments&post=9267"}],"wp:featuredmedia":[{"embeddable":true,"href":"http:\/\/www.editris2000.it\/index.php?rest_route=\/wp\/v2\/media\/9222"}],"wp:attachment":[{"href":"http:\/\/www.editris2000.it\/index.php?rest_route=%2Fwp%2Fv2%2Fmedia&parent=9267"}],"wp:term":[{"taxonomy":"product_cat","embeddable":true,"href":"http:\/\/www.editris2000.it\/index.php?rest_route=%2Fwp%2Fv2%2Fproduct_cat&post=9267"},{"taxonomy":"product_tag","embeddable":true,"href":"http:\/\/www.editris2000.it\/index.php?rest_route=%2Fwp%2Fv2%2Fproduct_tag&post=9267"}],"curies":[{"name":"wp","href":"https:\/\/api.w.org\/{rel}","templated":true}]}}