{"id":9298,"date":"2023-03-06T09:06:49","date_gmt":"2023-03-06T09:06:49","guid":{"rendered":"https:\/\/www.editris2000.it\/?post_type=product&#038;p=9298"},"modified":"2024-10-31T13:27:50","modified_gmt":"2024-10-31T13:27:50","slug":"donne-celebri","status":"publish","type":"product","link":"http:\/\/www.editris2000.it\/?product=donne-celebri","title":{"rendered":"Donne Celebri"},"content":{"rendered":"<p>Pubblicato con il sostegno del Rotary Club Torino Palazzo Reale, Rotary F.R.A.C.H. e Zonta Club Torino, il volume Donne celebri nel Gabinetto delle Miniature del Palazzo Reale di Torino \u00e8 dedicato ai ritratti femminili conservati nel prezioso Gabinetto delle Miniature dell\u2019Appartamento della regina Maria Teresa al primo piano del Palazzo Reale.<br \/>\nUna galleria di immagini, accompagnata da una selezione di schede biografiche, illustra i ritratti di piccolo formato delle sovrane sabaude, da Caterina di Schiren, moglie del leggendario Beroldo, alla seconda regina d\u2019Italia Elena del Montenegro. A questo nucleo, realizzato nel Settecento da Giuseppe Lavy e proseguito con la serie novecentesca commissionata da Vittorio Emanuele III, si affiancano le miniature raffiguranti dame di corte e donne celebri per bellezza e virt\u00f9: tra queste H\u00e9l\u00e8ne Fourment, moglie di Pieter Paul Rubens, la celebre pittrice Lavinia Fontana ed Elisabetta di Borbone Francia, sposa di Filippo IV di Spagna, dipinte all\u2019inizio del Settecento dall\u2019abate Giovanni Felice Ramelli. La collezione comprende anche le tele del veneziano Giuseppe Nogari (1740-1742) con soggetti ispirati alla pittura di genere olandese.<br \/>\nIl volume \u00e8 curato da Lorenza Santa con la collaborazione di Gelsomina Spione dell\u2019Universit\u00e0 degli Studi di Torino &#8211; Dipartimento di Studi Storici.<br \/>\nI testi sono di: Mattia Gargano, Fabio Garino, Chiara Milanoli, Giovanni Novero, Andrea Rositano, Lorenza Santa, Lorenza Trinchero.<\/p>\n<p>&nbsp;<\/p>\n<hr \/>\n<p><strong>Indice del volume<\/strong><br \/>\nMiniature femminili a Palazzo Reale, <em>Lorenza Santa<\/em><br \/>\n1. Contesse di Savoia<br \/>\n2. Duchesse di Savoia<br \/>\n3. Regine di Sardegna e d\u2019Italia<br \/>\n4. Principesse e dame di corte<br \/>\n5. Giovanni Felice Ramelli, miniature femminili<br \/>\n6. Giuseppe Nogari, Teste di carattere<br \/>\nBibliografia<\/p>\n","protected":false},"excerpt":{"rendered":"<p><span style=\"color: #4274bb;\"><strong>Donne Celebri nel Gabinetto delle Miniature del Palazzo Reale di Torino<\/strong><\/span><br \/>\nCommittente: MiC-Musei Reali Torino<br \/>\nA cura di: Lorenza Santa<\/p>\n<p>80 pagine<br \/>\nformato 15\u00d721 cm, dorso 0,6 cm<br \/>\ncopertina morbida<br \/>\nlingua: italiano<\/p>\n<p><span style=\"color: #e54148;\"><strong>Versione PDF<\/strong><\/span> (libro stampato non disponibile)<\/p>\n<p>\u00a9 2023 Editris duemila snc, Torino<br \/>\nISBN-9788889853702<\/p>\n","protected":false},"featured_media":9652,"comment_status":"open","ping_status":"closed","template":"","meta":[],"product_cat":[127],"product_tag":[],"yoast_head":"<!-- This site is optimized with the Yoast SEO plugin v20.9 - https:\/\/yoast.com\/wordpress\/plugins\/seo\/ -->\n<title>Donne Celebri - Editris2000<\/title>\n<meta name=\"robots\" content=\"index, follow, max-snippet:-1, max-image-preview:large, max-video-preview:-1\" \/>\n<link rel=\"canonical\" href=\"http:\/\/www.editris2000.it\/?product=donne-celebri\" \/>\n<meta property=\"og:locale\" content=\"it_IT\" \/>\n<meta property=\"og:type\" content=\"article\" \/>\n<meta property=\"og:title\" content=\"Donne Celebri - Editris2000\" \/>\n<meta property=\"og:description\" content=\"Donne Celebri nel Gabinetto delle Miniature del Palazzo Reale di Torino Committente: MiC-Musei Reali Torino A cura di: Lorenza Santa  80 pagine formato 15\u00d721 cm, dorso 0,6 cm copertina morbida lingua: italiano  Versione PDF (libro stampato non disponibile)  \u00a9 2023 Editris duemila snc, Torino ISBN-9788889853702\" \/>\n<meta property=\"og:url\" content=\"http:\/\/www.editris2000.it\/?product=donne-celebri\" \/>\n<meta property=\"og:site_name\" content=\"Editris2000\" \/>\n<meta property=\"article:modified_time\" content=\"2024-10-31T13:27:50+00:00\" \/>\n<meta property=\"og:image\" content=\"http:\/\/www.editris2000.it\/wp-content\/uploads\/2024\/10\/donne-celebri_pdf.jpg\" \/>\n\t<meta property=\"og:image:width\" content=\"698\" \/>\n\t<meta property=\"og:image:height\" content=\"622\" \/>\n\t<meta property=\"og:image:type\" content=\"image\/jpeg\" \/>\n<meta name=\"twitter:card\" content=\"summary_large_image\" \/>\n<meta name=\"twitter:label1\" content=\"Tempo di lettura stimato\" \/>\n\t<meta name=\"twitter:data1\" content=\"1 minuto\" \/>\n<script type=\"application\/ld+json\" class=\"yoast-schema-graph\">{\"@context\":\"https:\/\/schema.org\",\"@graph\":[{\"@type\":\"WebPage\",\"@id\":\"http:\/\/www.editris2000.it\/?product=donne-celebri\",\"url\":\"http:\/\/www.editris2000.it\/?product=donne-celebri\",\"name\":\"Donne Celebri - Editris2000\",\"isPartOf\":{\"@id\":\"http:\/\/www.editris2000.it\/#website\"},\"datePublished\":\"2023-03-06T09:06:49+00:00\",\"dateModified\":\"2024-10-31T13:27:50+00:00\",\"breadcrumb\":{\"@id\":\"http:\/\/www.editris2000.it\/?product=donne-celebri#breadcrumb\"},\"inLanguage\":\"it-IT\",\"potentialAction\":[{\"@type\":\"ReadAction\",\"target\":[\"http:\/\/www.editris2000.it\/?product=donne-celebri\"]}]},{\"@type\":\"BreadcrumbList\",\"@id\":\"http:\/\/www.editris2000.it\/?product=donne-celebri#breadcrumb\",\"itemListElement\":[{\"@type\":\"ListItem\",\"position\":1,\"name\":\"Home\",\"item\":\"http:\/\/www.editris2000.it\/\"},{\"@type\":\"ListItem\",\"position\":2,\"name\":\"Shop\",\"item\":\"https:\/\/www.editris2000.it\/?page_id=253\"},{\"@type\":\"ListItem\",\"position\":3,\"name\":\"Donne Celebri\"}]},{\"@type\":\"WebSite\",\"@id\":\"http:\/\/www.editris2000.it\/#website\",\"url\":\"http:\/\/www.editris2000.it\/\",\"name\":\"Editris2000\",\"description\":\"Editori a Torino dal 1980\",\"potentialAction\":[{\"@type\":\"SearchAction\",\"target\":{\"@type\":\"EntryPoint\",\"urlTemplate\":\"http:\/\/www.editris2000.it\/?s={search_term_string}\"},\"query-input\":\"required name=search_term_string\"}],\"inLanguage\":\"it-IT\"}]}<\/script>\n<!-- \/ Yoast SEO plugin. -->","yoast_head_json":{"title":"Donne Celebri - Editris2000","robots":{"index":"index","follow":"follow","max-snippet":"max-snippet:-1","max-image-preview":"max-image-preview:large","max-video-preview":"max-video-preview:-1"},"canonical":"http:\/\/www.editris2000.it\/?product=donne-celebri","og_locale":"it_IT","og_type":"article","og_title":"Donne Celebri - Editris2000","og_description":"Donne Celebri nel Gabinetto delle Miniature del Palazzo Reale di Torino Committente: MiC-Musei Reali Torino A cura di: Lorenza Santa  80 pagine formato 15\u00d721 cm, dorso 0,6 cm copertina morbida lingua: italiano  Versione PDF (libro stampato non disponibile)  \u00a9 2023 Editris duemila snc, Torino ISBN-9788889853702","og_url":"http:\/\/www.editris2000.it\/?product=donne-celebri","og_site_name":"Editris2000","article_modified_time":"2024-10-31T13:27:50+00:00","og_image":[{"width":698,"height":622,"url":"http:\/\/www.editris2000.it\/wp-content\/uploads\/2024\/10\/donne-celebri_pdf.jpg","type":"image\/jpeg"}],"twitter_card":"summary_large_image","twitter_misc":{"Tempo di lettura stimato":"1 minuto"},"schema":{"@context":"https:\/\/schema.org","@graph":[{"@type":"WebPage","@id":"http:\/\/www.editris2000.it\/?product=donne-celebri","url":"http:\/\/www.editris2000.it\/?product=donne-celebri","name":"Donne Celebri - Editris2000","isPartOf":{"@id":"http:\/\/www.editris2000.it\/#website"},"datePublished":"2023-03-06T09:06:49+00:00","dateModified":"2024-10-31T13:27:50+00:00","breadcrumb":{"@id":"http:\/\/www.editris2000.it\/?product=donne-celebri#breadcrumb"},"inLanguage":"it-IT","potentialAction":[{"@type":"ReadAction","target":["http:\/\/www.editris2000.it\/?product=donne-celebri"]}]},{"@type":"BreadcrumbList","@id":"http:\/\/www.editris2000.it\/?product=donne-celebri#breadcrumb","itemListElement":[{"@type":"ListItem","position":1,"name":"Home","item":"http:\/\/www.editris2000.it\/"},{"@type":"ListItem","position":2,"name":"Shop","item":"https:\/\/www.editris2000.it\/?page_id=253"},{"@type":"ListItem","position":3,"name":"Donne Celebri"}]},{"@type":"WebSite","@id":"http:\/\/www.editris2000.it\/#website","url":"http:\/\/www.editris2000.it\/","name":"Editris2000","description":"Editori a Torino dal 1980","potentialAction":[{"@type":"SearchAction","target":{"@type":"EntryPoint","urlTemplate":"http:\/\/www.editris2000.it\/?s={search_term_string}"},"query-input":"required name=search_term_string"}],"inLanguage":"it-IT"}]}},"_links":{"self":[{"href":"http:\/\/www.editris2000.it\/index.php?rest_route=\/wp\/v2\/product\/9298"}],"collection":[{"href":"http:\/\/www.editris2000.it\/index.php?rest_route=\/wp\/v2\/product"}],"about":[{"href":"http:\/\/www.editris2000.it\/index.php?rest_route=\/wp\/v2\/types\/product"}],"replies":[{"embeddable":true,"href":"http:\/\/www.editris2000.it\/index.php?rest_route=%2Fwp%2Fv2%2Fcomments&post=9298"}],"wp:featuredmedia":[{"embeddable":true,"href":"http:\/\/www.editris2000.it\/index.php?rest_route=\/wp\/v2\/media\/9652"}],"wp:attachment":[{"href":"http:\/\/www.editris2000.it\/index.php?rest_route=%2Fwp%2Fv2%2Fmedia&parent=9298"}],"wp:term":[{"taxonomy":"product_cat","embeddable":true,"href":"http:\/\/www.editris2000.it\/index.php?rest_route=%2Fwp%2Fv2%2Fproduct_cat&post=9298"},{"taxonomy":"product_tag","embeddable":true,"href":"http:\/\/www.editris2000.it\/index.php?rest_route=%2Fwp%2Fv2%2Fproduct_tag&post=9298"}],"curies":[{"name":"wp","href":"https:\/\/api.w.org\/{rel}","templated":true}]}}