{"id":9582,"date":"2023-10-27T14:15:11","date_gmt":"2023-10-27T14:15:11","guid":{"rendered":"http:\/\/www.editris2000.it\/?post_type=product&#038;p=9582"},"modified":"2024-05-13T12:37:01","modified_gmt":"2024-05-13T12:37:01","slug":"africa-le-collezioni-dimenticate","status":"publish","type":"product","link":"http:\/\/www.editris2000.it\/?product=africa-le-collezioni-dimenticate","title":{"rendered":"Africa. Le collezioni dimenticate"},"content":{"rendered":"<p>Nel 2021 i Musei Reali e la Direzione Regionale Musei Piemonte hanno avviato un progetto di conoscenza delle collezioni africane che fanno parte dell\u2019eredit\u00e0 dei Savoia, con l\u2019intento di sottrarle all\u2019oblio inserendole nei percorsi di visita delle residenze sabaude. Le ricerche condotte nell\u2019Armeria Reale, nella Biblioteca Reale e nei castelli di Racconigi e di Agli\u00e8, hanno portato alla luce centinaia di opere dimenticate da anni, di cui \u00e8 stata avviata la catalogazione e il restauro. Nel corso dei lavori, lo studio della provenienza degli oggetti ha evidenziato i legami con l\u2019espansione europea nel continente ed \u00e8 emersa la necessit\u00e0 di confrontarsi con esperti della storia del continente africano, con le istituzioni e le comunit\u00e0 di origine e con quelle giunte in Italia attraverso i percorsi della diaspora. Dall\u2019obiettivo di costruire sul patrimonio un dialogo contemporaneo, un ponte tra culture e una chiave di accesso alla realt\u00e0 dei nuovi cittadini, \u00e8 scaturita la collaborazione con l\u2019Universit\u00e0 di Torino (Museo di Antropologia ed Etnografia) e con l\u2019Institute of Ethiopian Studies dell\u2019Universit\u00e0 di Addis Abeba, nella logica di un dialogo multidisciplinare che deve molto anche al confronto con Lucrezia Cippitelli, da anni impegnata su progetti di decolonizzazione, e con l\u2019artista concettuale e professore etiope Bekele Mekonnen.<br \/>\nLa mostra presenta al pubblico i primi risultati di questo lavoro, con manufatti in larghissima parte inediti che documentano la presenza di Torino nei processi di sfruttamento dei territori africani dalla seconda met\u00e0 dell\u2019Ottocento fino alla tragica storia coloniale italiana. Un\u2019eredit\u00e0 materiale e storica sensibile, che i musei intendono condividere con la cittadinanza a partire da una riflessione critica sulle provenienze delle opere, sul significato del loro approdo a Torino, sulle relazioni che esse implicano con le regioni di origine. Si vuole in questo modo riflettere sul significato delle collezioni nella contemporaneit\u00e0, alla luce del grande dibattito sulla legittimit\u00e0 etica e morale della loro presenza in Europa, e sul ruolo dei musei nella lettura e nell\u2019interpretazione di questo patrimonio. A questi molteplici significati \u00e8 dedicata l\u2019opera The Smoking Table di Bekele Mekonnen, che chiude la mostra: richiamando lo scramble for Africa e la storica Conferenza di Berlino, l\u2019opera affronta il tema della necessaria decostruzione della colonialit\u00e0 a partire dalla reciproca disponibilit\u00e0 al dialogo e all\u2019ascolto.<br \/>\nUn sincero ringraziamento va al Museo delle Civilt\u00e0 di Roma, che ha collaborato ad arricchire il percorso con prestiti d\u2019eccezione, ai direttori e ai funzionari dei musei e della Biblioteca Reale, ai restauratori, ai colleghi dell\u2019Universit\u00e0, ai giovani ricercatori impegnati nella catalogazione e a tutti coloro che hanno consentito e favorito, con il loro impegno, la realizzazione di questo progetto.<br \/>\nInfine, un grazie molto speciale a Tuxor S.p.A di Torino e al suo Presidente Giuseppe Ferrero, da sempre legati al continente africano, per aver voluto condividere e sostenere il valore dei musei e quelli di questa mostra.<\/p>\n<p><strong>Elena De Filippis<\/strong><br \/>\nMinistero della cultura, Direttore Regionale Musei Piemonte<\/p>\n<p><strong>Enrica Pagella<\/strong><br \/>\nMinistero della cultura, Direttrice Musei Reali<\/p>\n<p><strong>Cecilia Pennacini<\/strong><br \/>\nUniversit\u00e0 di Torino, Direttrice Museo di Antropologia ed Etnografia<\/p>\n","protected":false},"excerpt":{"rendered":"<p>Committente: Musei Reali Torino<\/p>\n<p>A cura di: Elena De Filippis, Enrica Pagella, Cecilia Pennaccini<\/p>\n<p>240 pagine<br \/>\nformato 21&#215;27 cm, dorso 1,6 cm<br \/>\ncopertina morbida<br \/>\nlingua: italiano<\/p>\n<p>[vc_separator type=&#8221;transparent&#8221; up=&#8221;2&#8243;]<\/p>\n<p>\u00a9 2023 Editris duemila snc, Torino<br \/>\nISBN-9788889853740<\/p>\n","protected":false},"featured_media":9579,"comment_status":"open","ping_status":"closed","template":"","meta":[],"product_cat":[50],"product_tag":[],"yoast_head":"<!-- This site is optimized with the Yoast SEO plugin v20.9 - https:\/\/yoast.com\/wordpress\/plugins\/seo\/ -->\n<title>Africa. Le collezioni dimenticate - Editris2000<\/title>\n<meta name=\"robots\" content=\"index, follow, max-snippet:-1, max-image-preview:large, max-video-preview:-1\" \/>\n<link rel=\"canonical\" href=\"https:\/\/www.editris2000.it\/?product=africa-le-collezioni-dimenticate\" \/>\n<meta property=\"og:locale\" content=\"it_IT\" \/>\n<meta property=\"og:type\" content=\"article\" \/>\n<meta property=\"og:title\" content=\"Africa. Le collezioni dimenticate - Editris2000\" \/>\n<meta property=\"og:description\" content=\"Committente: Musei Reali Torino  A cura di: Elena De Filippis, Enrica Pagella, Cecilia Pennaccini  240 pagine formato 21x27 cm, dorso 1,6 cm copertina morbida lingua: italiano  [vc_separator type=&quot;transparent&quot; up=&quot;2&quot;]  \u00a9 2023 Editris duemila snc, Torino ISBN-9788889853740\" \/>\n<meta property=\"og:url\" content=\"https:\/\/www.editris2000.it\/?product=africa-le-collezioni-dimenticate\" \/>\n<meta property=\"og:site_name\" content=\"Editris2000\" \/>\n<meta property=\"article:modified_time\" content=\"2024-05-13T12:37:01+00:00\" \/>\n<meta property=\"og:image\" content=\"https:\/\/www.editris2000.it\/wp-content\/uploads\/2023\/10\/cover-Africa.le-collezioni-dimenticate.jpg\" \/>\n\t<meta property=\"og:image:width\" content=\"698\" \/>\n\t<meta property=\"og:image:height\" content=\"622\" \/>\n\t<meta property=\"og:image:type\" content=\"image\/jpeg\" \/>\n<meta name=\"twitter:card\" content=\"summary_large_image\" \/>\n<meta name=\"twitter:label1\" content=\"Tempo di lettura stimato\" \/>\n\t<meta name=\"twitter:data1\" content=\"3 minuti\" \/>\n<script type=\"application\/ld+json\" class=\"yoast-schema-graph\">{\"@context\":\"https:\/\/schema.org\",\"@graph\":[{\"@type\":\"WebPage\",\"@id\":\"https:\/\/www.editris2000.it\/?product=africa-le-collezioni-dimenticate\",\"url\":\"https:\/\/www.editris2000.it\/?product=africa-le-collezioni-dimenticate\",\"name\":\"Africa. Le collezioni dimenticate - Editris2000\",\"isPartOf\":{\"@id\":\"http:\/\/www.editris2000.it\/#website\"},\"datePublished\":\"2023-10-27T14:15:11+00:00\",\"dateModified\":\"2024-05-13T12:37:01+00:00\",\"breadcrumb\":{\"@id\":\"https:\/\/www.editris2000.it\/?product=africa-le-collezioni-dimenticate#breadcrumb\"},\"inLanguage\":\"it-IT\",\"potentialAction\":[{\"@type\":\"ReadAction\",\"target\":[\"https:\/\/www.editris2000.it\/?product=africa-le-collezioni-dimenticate\"]}]},{\"@type\":\"BreadcrumbList\",\"@id\":\"https:\/\/www.editris2000.it\/?product=africa-le-collezioni-dimenticate#breadcrumb\",\"itemListElement\":[{\"@type\":\"ListItem\",\"position\":1,\"name\":\"Home\",\"item\":\"http:\/\/www.editris2000.it\/\"},{\"@type\":\"ListItem\",\"position\":2,\"name\":\"Shop\",\"item\":\"http:\/\/www.editris2000.it\/?page_id=253\"},{\"@type\":\"ListItem\",\"position\":3,\"name\":\"Africa. Le collezioni dimenticate\"}]},{\"@type\":\"WebSite\",\"@id\":\"http:\/\/www.editris2000.it\/#website\",\"url\":\"http:\/\/www.editris2000.it\/\",\"name\":\"Editris2000\",\"description\":\"Editori a Torino dal 1980\",\"potentialAction\":[{\"@type\":\"SearchAction\",\"target\":{\"@type\":\"EntryPoint\",\"urlTemplate\":\"http:\/\/www.editris2000.it\/?s={search_term_string}\"},\"query-input\":\"required name=search_term_string\"}],\"inLanguage\":\"it-IT\"}]}<\/script>\n<!-- \/ Yoast SEO plugin. -->","yoast_head_json":{"title":"Africa. Le collezioni dimenticate - Editris2000","robots":{"index":"index","follow":"follow","max-snippet":"max-snippet:-1","max-image-preview":"max-image-preview:large","max-video-preview":"max-video-preview:-1"},"canonical":"https:\/\/www.editris2000.it\/?product=africa-le-collezioni-dimenticate","og_locale":"it_IT","og_type":"article","og_title":"Africa. Le collezioni dimenticate - Editris2000","og_description":"Committente: Musei Reali Torino  A cura di: Elena De Filippis, Enrica Pagella, Cecilia Pennaccini  240 pagine formato 21x27 cm, dorso 1,6 cm copertina morbida lingua: italiano  [vc_separator type=\"transparent\" up=\"2\"]  \u00a9 2023 Editris duemila snc, Torino ISBN-9788889853740","og_url":"https:\/\/www.editris2000.it\/?product=africa-le-collezioni-dimenticate","og_site_name":"Editris2000","article_modified_time":"2024-05-13T12:37:01+00:00","og_image":[{"width":698,"height":622,"url":"https:\/\/www.editris2000.it\/wp-content\/uploads\/2023\/10\/cover-Africa.le-collezioni-dimenticate.jpg","type":"image\/jpeg"}],"twitter_card":"summary_large_image","twitter_misc":{"Tempo di lettura stimato":"3 minuti"},"schema":{"@context":"https:\/\/schema.org","@graph":[{"@type":"WebPage","@id":"https:\/\/www.editris2000.it\/?product=africa-le-collezioni-dimenticate","url":"https:\/\/www.editris2000.it\/?product=africa-le-collezioni-dimenticate","name":"Africa. Le collezioni dimenticate - Editris2000","isPartOf":{"@id":"http:\/\/www.editris2000.it\/#website"},"datePublished":"2023-10-27T14:15:11+00:00","dateModified":"2024-05-13T12:37:01+00:00","breadcrumb":{"@id":"https:\/\/www.editris2000.it\/?product=africa-le-collezioni-dimenticate#breadcrumb"},"inLanguage":"it-IT","potentialAction":[{"@type":"ReadAction","target":["https:\/\/www.editris2000.it\/?product=africa-le-collezioni-dimenticate"]}]},{"@type":"BreadcrumbList","@id":"https:\/\/www.editris2000.it\/?product=africa-le-collezioni-dimenticate#breadcrumb","itemListElement":[{"@type":"ListItem","position":1,"name":"Home","item":"http:\/\/www.editris2000.it\/"},{"@type":"ListItem","position":2,"name":"Shop","item":"http:\/\/www.editris2000.it\/?page_id=253"},{"@type":"ListItem","position":3,"name":"Africa. Le collezioni dimenticate"}]},{"@type":"WebSite","@id":"http:\/\/www.editris2000.it\/#website","url":"http:\/\/www.editris2000.it\/","name":"Editris2000","description":"Editori a Torino dal 1980","potentialAction":[{"@type":"SearchAction","target":{"@type":"EntryPoint","urlTemplate":"http:\/\/www.editris2000.it\/?s={search_term_string}"},"query-input":"required name=search_term_string"}],"inLanguage":"it-IT"}]}},"_links":{"self":[{"href":"http:\/\/www.editris2000.it\/index.php?rest_route=\/wp\/v2\/product\/9582"}],"collection":[{"href":"http:\/\/www.editris2000.it\/index.php?rest_route=\/wp\/v2\/product"}],"about":[{"href":"http:\/\/www.editris2000.it\/index.php?rest_route=\/wp\/v2\/types\/product"}],"replies":[{"embeddable":true,"href":"http:\/\/www.editris2000.it\/index.php?rest_route=%2Fwp%2Fv2%2Fcomments&post=9582"}],"wp:featuredmedia":[{"embeddable":true,"href":"http:\/\/www.editris2000.it\/index.php?rest_route=\/wp\/v2\/media\/9579"}],"wp:attachment":[{"href":"http:\/\/www.editris2000.it\/index.php?rest_route=%2Fwp%2Fv2%2Fmedia&parent=9582"}],"wp:term":[{"taxonomy":"product_cat","embeddable":true,"href":"http:\/\/www.editris2000.it\/index.php?rest_route=%2Fwp%2Fv2%2Fproduct_cat&post=9582"},{"taxonomy":"product_tag","embeddable":true,"href":"http:\/\/www.editris2000.it\/index.php?rest_route=%2Fwp%2Fv2%2Fproduct_tag&post=9582"}],"curies":[{"name":"wp","href":"https:\/\/api.w.org\/{rel}","templated":true}]}}