{"id":339,"date":"2018-05-14T08:28:00","date_gmt":"2018-05-14T08:28:00","guid":{"rendered":"http:\/\/www.editris2000.it\/?post_type=product&#038;p=339"},"modified":"2021-01-26T08:34:42","modified_gmt":"2021-01-26T08:34:42","slug":"carignano","status":"publish","type":"product","link":"https:\/\/www.editris2000.it\/?product=carignano","title":{"rendered":"Carignano"},"content":{"rendered":"<p>Questa guida turistica presenta percorsi differenziati utili a chi desideri visitare la citt\u00e0 e i dintorni. Sono descritte dettagliatamente tutte le evidenze storico-artistiche e la guida \u00e8 riccamente illustrata e munita di cartografia, piante di monumenti, curiosit\u00e0 e suggerimenti sugli itinerari di visita da percorrere nel centro storico e nei territori circostanti. Informazioni legate all\u2019enogastronomia, all\u2019accoglienza e all\u2019artigianato locale ne completano la struttura. Vengono inoltre segnalati i livelli di difficolt\u00e0 per l\u2019accesso ai disabili e i riferimenti GPS dei vari punti di interesse.<\/p>\n<p><strong>Indice<\/strong><\/p>\n<p>&#8211; La storia<br \/>\n&#8211; Il castello di Carignano<br \/>\n&#8211; I Savoia<\/p>\n<p><em>Itinerario 1. Il centro storico: un cuore medioevale tra palazzi, chiese e Sindoni<\/em><br \/>\n&#8211; Chiesa della Madonna della Misericordia o dei Battuti Neri<br \/>\n&#8211; Piazza San Giovanni<br \/>\n&#8211; Palazzo della Comunit\u00e0<br \/>\n&#8211; \u201cPalazzo Depinto\u201d<br \/>\n&#8211; Parrocchiale dei Santi Giovanni Battista e Remigio (Duomo)<br \/>\n&#8211; Borgovecchio<br \/>\n&#8211; Chiesa dello Spirito Santo<br \/>\n&#8211; Casa del Gran Bastardo Renato di Savoia<br \/>\n&#8211; Ospizio di Carit\u00e0<br \/>\n&#8211; Chiesa di Nostra Signora delle Grazie<\/p>\n<p><em>Itinerario 2. La citt\u00e0 e il suo fiume tra passato e presente<\/em><br \/>\n&#8211; Castello<br \/>\n&#8211; Municipio<br \/>\n&#8211; Museo Civico \u201cGiacomo Rodolfo\u201d<br \/>\n&#8211; Palazzo Provana del Sabbione<br \/>\n&#8211; Chiesa di San Giuseppe<br \/>\n&#8211; Palazzo Rasino<br \/>\n&#8211; Chiesa di San Giacomo<\/p>\n<p><em>Itinerario 3. I tesori del territorio<\/em><br \/>\n&#8211; Frazione Gorra<br \/>\n&#8211; La zona a sud della citt\u00e0<br \/>\n&#8211; Frazione Ceretto<br \/>\n&#8211; Il Valinotto<br \/>\n&#8211; Cappella di San Rocco<br \/>\n&#8211; Tetti Peretti e Tetti Pautasso<br \/>\n&#8211; Cappella di San Grato<br \/>\n&#8211; Castello di Brillante<br \/>\n&#8211; Chiesa di San Remigio<br \/>\n&#8211; Regione Olmi<br \/>\n&#8211; Borgata Brassi<\/p>\n<p>&#8211; Fiere e manifestazioni<br \/>\n&#8211; Enogastronomia<br \/>\n&#8211; Schede biografiche<\/p>\n","protected":false},"excerpt":{"rendered":"<p><span style=\"color: #4274bb;\"><strong>Guida turistica, citt\u00e0 e dintorni<\/strong><\/span><br \/>\n128 pagine a colori<br \/>\nformato 12\u00d721 cm, dorso 0,7 cm<br \/>\ncopertina morbida con alette<br \/>\nlingua italiano<br \/>\n<a href=\"http:\/\/www.editris2000.it\/?page_id=578\"><span style=\"color: #4274bb;\"><strong>Book Gallery<\/strong><\/span><\/a><br \/>\n[vc_separator type=&#8221;transparent&#8221; up=&#8221;2&#8243;]<br \/>\n\u00a9 2011 Editris duemila snc, Torino<br \/>\nISBN-9788889853061<\/p>\n","protected":false},"featured_media":449,"comment_status":"open","ping_status":"closed","template":"","meta":[],"product_cat":[55],"product_tag":[],"yoast_head":"<!-- This site is optimized with the Yoast SEO plugin v20.9 - https:\/\/yoast.com\/wordpress\/plugins\/seo\/ -->\n<title>Carignano - Editris2000<\/title>\n<meta name=\"robots\" content=\"index, follow, max-snippet:-1, max-image-preview:large, max-video-preview:-1\" \/>\n<link rel=\"canonical\" href=\"https:\/\/www.editris2000.it\/?product=carignano\" \/>\n<meta property=\"og:locale\" content=\"it_IT\" \/>\n<meta property=\"og:type\" content=\"article\" \/>\n<meta property=\"og:title\" content=\"Carignano - Editris2000\" \/>\n<meta property=\"og:description\" content=\"Guida turistica, citt\u00e0 e dintorni 128 pagine a colori formato 12\u00d721 cm, dorso 0,7 cm copertina morbida con alette lingua italiano Book Gallery [vc_separator type=&quot;transparent&quot; up=&quot;2&quot;] \u00a9 2011 Editris duemila snc, Torino ISBN-9788889853061\" \/>\n<meta property=\"og:url\" content=\"https:\/\/www.editris2000.it\/?product=carignano\" \/>\n<meta property=\"og:site_name\" content=\"Editris2000\" \/>\n<meta property=\"article:modified_time\" content=\"2021-01-26T08:34:42+00:00\" \/>\n<meta property=\"og:image\" content=\"https:\/\/www.editris2000.it\/wp-content\/uploads\/2018\/05\/editris-guida-di-carignano-comune-di-carignano2.jpg\" \/>\n\t<meta property=\"og:image:width\" content=\"698\" \/>\n\t<meta property=\"og:image:height\" content=\"622\" \/>\n\t<meta property=\"og:image:type\" content=\"image\/jpeg\" \/>\n<meta name=\"twitter:card\" content=\"summary_large_image\" \/>\n<meta name=\"twitter:label1\" content=\"Tempo di lettura stimato\" \/>\n\t<meta name=\"twitter:data1\" content=\"1 minuto\" \/>\n<script type=\"application\/ld+json\" class=\"yoast-schema-graph\">{\"@context\":\"https:\/\/schema.org\",\"@graph\":[{\"@type\":\"WebPage\",\"@id\":\"https:\/\/www.editris2000.it\/?product=carignano\",\"url\":\"https:\/\/www.editris2000.it\/?product=carignano\",\"name\":\"Carignano - Editris2000\",\"isPartOf\":{\"@id\":\"http:\/\/www.editris2000.it\/#website\"},\"datePublished\":\"2018-05-14T08:28:00+00:00\",\"dateModified\":\"2021-01-26T08:34:42+00:00\",\"breadcrumb\":{\"@id\":\"https:\/\/www.editris2000.it\/?product=carignano#breadcrumb\"},\"inLanguage\":\"it-IT\",\"potentialAction\":[{\"@type\":\"ReadAction\",\"target\":[\"https:\/\/www.editris2000.it\/?product=carignano\"]}]},{\"@type\":\"BreadcrumbList\",\"@id\":\"https:\/\/www.editris2000.it\/?product=carignano#breadcrumb\",\"itemListElement\":[{\"@type\":\"ListItem\",\"position\":1,\"name\":\"Home\",\"item\":\"http:\/\/www.editris2000.it\/\"},{\"@type\":\"ListItem\",\"position\":2,\"name\":\"Shop\",\"item\":\"https:\/\/www.editris2000.it\/?page_id=253\"},{\"@type\":\"ListItem\",\"position\":3,\"name\":\"Carignano\"}]},{\"@type\":\"WebSite\",\"@id\":\"http:\/\/www.editris2000.it\/#website\",\"url\":\"http:\/\/www.editris2000.it\/\",\"name\":\"Editris2000\",\"description\":\"Editori a Torino dal 1980\",\"potentialAction\":[{\"@type\":\"SearchAction\",\"target\":{\"@type\":\"EntryPoint\",\"urlTemplate\":\"http:\/\/www.editris2000.it\/?s={search_term_string}\"},\"query-input\":\"required name=search_term_string\"}],\"inLanguage\":\"it-IT\"}]}<\/script>\n<!-- \/ Yoast SEO plugin. -->","yoast_head_json":{"title":"Carignano - Editris2000","robots":{"index":"index","follow":"follow","max-snippet":"max-snippet:-1","max-image-preview":"max-image-preview:large","max-video-preview":"max-video-preview:-1"},"canonical":"https:\/\/www.editris2000.it\/?product=carignano","og_locale":"it_IT","og_type":"article","og_title":"Carignano - Editris2000","og_description":"Guida turistica, citt\u00e0 e dintorni 128 pagine a colori formato 12\u00d721 cm, dorso 0,7 cm copertina morbida con alette lingua italiano Book Gallery [vc_separator type=\"transparent\" up=\"2\"] \u00a9 2011 Editris duemila snc, Torino ISBN-9788889853061","og_url":"https:\/\/www.editris2000.it\/?product=carignano","og_site_name":"Editris2000","article_modified_time":"2021-01-26T08:34:42+00:00","og_image":[{"width":698,"height":622,"url":"https:\/\/www.editris2000.it\/wp-content\/uploads\/2018\/05\/editris-guida-di-carignano-comune-di-carignano2.jpg","type":"image\/jpeg"}],"twitter_card":"summary_large_image","twitter_misc":{"Tempo di lettura stimato":"1 minuto"},"schema":{"@context":"https:\/\/schema.org","@graph":[{"@type":"WebPage","@id":"https:\/\/www.editris2000.it\/?product=carignano","url":"https:\/\/www.editris2000.it\/?product=carignano","name":"Carignano - Editris2000","isPartOf":{"@id":"http:\/\/www.editris2000.it\/#website"},"datePublished":"2018-05-14T08:28:00+00:00","dateModified":"2021-01-26T08:34:42+00:00","breadcrumb":{"@id":"https:\/\/www.editris2000.it\/?product=carignano#breadcrumb"},"inLanguage":"it-IT","potentialAction":[{"@type":"ReadAction","target":["https:\/\/www.editris2000.it\/?product=carignano"]}]},{"@type":"BreadcrumbList","@id":"https:\/\/www.editris2000.it\/?product=carignano#breadcrumb","itemListElement":[{"@type":"ListItem","position":1,"name":"Home","item":"http:\/\/www.editris2000.it\/"},{"@type":"ListItem","position":2,"name":"Shop","item":"https:\/\/www.editris2000.it\/?page_id=253"},{"@type":"ListItem","position":3,"name":"Carignano"}]},{"@type":"WebSite","@id":"http:\/\/www.editris2000.it\/#website","url":"http:\/\/www.editris2000.it\/","name":"Editris2000","description":"Editori a Torino dal 1980","potentialAction":[{"@type":"SearchAction","target":{"@type":"EntryPoint","urlTemplate":"http:\/\/www.editris2000.it\/?s={search_term_string}"},"query-input":"required name=search_term_string"}],"inLanguage":"it-IT"}]}},"_links":{"self":[{"href":"https:\/\/www.editris2000.it\/index.php?rest_route=\/wp\/v2\/product\/339"}],"collection":[{"href":"https:\/\/www.editris2000.it\/index.php?rest_route=\/wp\/v2\/product"}],"about":[{"href":"https:\/\/www.editris2000.it\/index.php?rest_route=\/wp\/v2\/types\/product"}],"replies":[{"embeddable":true,"href":"https:\/\/www.editris2000.it\/index.php?rest_route=%2Fwp%2Fv2%2Fcomments&post=339"}],"wp:featuredmedia":[{"embeddable":true,"href":"https:\/\/www.editris2000.it\/index.php?rest_route=\/wp\/v2\/media\/449"}],"wp:attachment":[{"href":"https:\/\/www.editris2000.it\/index.php?rest_route=%2Fwp%2Fv2%2Fmedia&parent=339"}],"wp:term":[{"taxonomy":"product_cat","embeddable":true,"href":"https:\/\/www.editris2000.it\/index.php?rest_route=%2Fwp%2Fv2%2Fproduct_cat&post=339"},{"taxonomy":"product_tag","embeddable":true,"href":"https:\/\/www.editris2000.it\/index.php?rest_route=%2Fwp%2Fv2%2Fproduct_tag&post=339"}],"curies":[{"name":"wp","href":"https:\/\/api.w.org\/{rel}","templated":true}]}}