{"id":345,"date":"2018-05-14T09:50:33","date_gmt":"2018-05-14T09:50:33","guid":{"rendered":"http:\/\/www.editris2000.it\/?post_type=product&#038;p=345"},"modified":"2021-01-25T13:44:01","modified_gmt":"2021-01-25T13:44:01","slug":"alessandria","status":"publish","type":"product","link":"https:\/\/www.editris2000.it\/?product=alessandria","title":{"rendered":"Alessandria"},"content":{"rendered":"<p>Questa guida turistica presenta percorsi differenziati utili a chi desideri visitare la citt\u00e0 e i dintorni. Sono descritte dettagliatamente tutte le evidenze storico-artistiche e la guida \u00e8 riccamente illustrata e munita di cartografia, piante di monumenti, curiosit\u00e0 e suggerimenti sugli itinerari di visita da percorrere nel centro storico e nei territori circostanti. Informazioni legate all\u2019enogastronomia, all\u2019accoglienza e all\u2019artigianato locale ne completano la struttura.<\/p>\n<p><strong>Indice<\/strong><\/p>\n<p>&#8211; Presentazione<br \/>\n&#8211; Alessandria \u00e8&#8230;<br \/>\n&#8211; La storia<br \/>\n&#8211; Lo sviluppo urbano<br \/>\n&#8211; San Baudolino<br \/>\n&#8211; Alessandria de palea: Gagliaudo e altre leggende<br \/>\n&#8211; Lo stemma cittadino<br \/>\n&#8211; Borsalino e la sua citt\u00e0<\/p>\n<p><em><strong>Itinerari di visita<\/strong> <\/em><br \/>\n<em>Itinerario 1. Il centro medievale<\/em><br \/>\n&#8211; Chiesa di Santa Maria di Castello<br \/>\n&#8211; Palazzo Guasco<br \/>\n&#8211; Palazzo Inviziati<br \/>\n&#8211; Chiesa di Santa Maria del Carmine<br \/>\n&#8211; Scavi nell\u2019antico Duomo<br \/>\n&#8211; Palatium Vetus<br \/>\n&#8211; Sinagoga<br \/>\n&#8211; Palazzo dal Pozzo<br \/>\n&#8211; Chiesa dei Santi Lucia e Paolo<br \/>\n&#8211; Chiesa dei Santi Stefano e Martino<br \/>\n&#8211; Cittadella<br \/>\n&#8211; Palazzo Prati-Capriata<br \/>\n&#8211; Chiesa di San Rocco<br \/>\n&#8211; Tinaio degli Umiliati<br \/>\n&#8211; Ex Seminario vescovile<br \/>\n&#8211; Chiesa dei Santi Alessandro e Carlo<br \/>\n&#8211; Palazzi dei Conzani<br \/>\n&#8211; Chiesa di Santa Maria della Misericordia<br \/>\n&#8211; Monumento ai Caduti<br \/>\n&#8211; Piazza Garibaldi<br \/>\n&#8211; Chiesa di San Giovannino<br \/>\n&#8211; Palazzo Figarolo di Gropello<br \/>\n&#8211; Chiesa di San Lorenzo<\/p>\n<p><em>Itinerario 2. Le strade del Settecento e dell\u2019Ottocento<\/em><br \/>\n&#8211; Palazzo Comunale<br \/>\n&#8211; Galleria Guerci<br \/>\n&#8211; Chiesa di San Giacomo della Vittoria<br \/>\n&#8211; Complesso di San Francesco<br \/>\n&#8211; Ex chiesa di San Francesco<br \/>\n&#8211; Fabbricati Borsalino<br \/>\n&#8211; Campanile di Santa Maria dell\u2019Olmo<br \/>\n&#8211; Sale d\u2019arte, le stanze di Art\u00f9<br \/>\n&#8211; Cattedrale<br \/>\n&#8211; I percorsi del Museo Civico<br \/>\n&#8211; Palazzo Ghilini<br \/>\n&#8211; Palazzo delle Poste<br \/>\n&#8211; Case Sambuy<br \/>\n&#8211; Arco trionfale<br \/>\n&#8211; Laboratorio di Igiene e Profilassi<br \/>\n&#8211; Dispensario antitubercolare<br \/>\n&#8211; Ospedale dei Santi Antonio e Biagio<br \/>\n&#8211; Teatro delle Scienze<br \/>\n&#8211; Museo di Scienze Naturali<br \/>\n&#8211; Planetario<br \/>\n&#8211; Chiesa di Nostra Signora di Loreto<br \/>\n&#8211; Museo Etnografico \u201cC\u2019era una volta\u201d<br \/>\n&#8211; Museo del Ferro \u201cFrancesco Janniello\u201d<br \/>\n&#8211; Museo del Fiume<br \/>\n&#8211; La Beata Vergine della Salve<br \/>\n&#8211; Storia delle collezioni civiche<br \/>\n&#8211; Cimitero<br \/>\n&#8211; Il razionalismo di Ignazio Gardella<\/p>\n<p><em>Itinerario 3. Dintorni di Alessandria<\/em><br \/>\n&#8211; Marengo<br \/>\n&#8211; Frugarolo<br \/>\n&#8211; Bosco Marengo<br \/>\n&#8211; Castellazzo Bormida<br \/>\n&#8211; Sezz\u00e1dio<br \/>\n&#8211; Quargnento<br \/>\n&#8211; Villa del Foro<\/p>\n<p><em>Enogastronomia alessandrina<\/em><br \/>\n&#8211; La Fraschetta<br \/>\n&#8211; Il re agnolotto<br \/>\n&#8211; Le pietanze<br \/>\n&#8211; Formaggi<br \/>\n&#8211; Dolci<br \/>\n&#8211; Frutta<br \/>\n&#8211; Vini 223<\/p>\n<p>&#8211; Fiere e manifestazioni<br \/>\n&#8211; Verde e sport<br \/>\n&#8211; Cicloturismo<br \/>\n&#8211; Golf<br \/>\n&#8211; Polo culturale<br \/>\n&#8211; Biblioteca Civica<br \/>\n&#8211; Archivio di Stato<br \/>\n&#8211; Societ\u00e0 di Storia Arte e Archeologia<br \/>\n&#8211; Fototeca Civica<br \/>\n&#8211; Galleria d\u2019Arte Carlo Carr\u00e0<br \/>\n&#8211; Giardino Botanico<br \/>\n&#8211; Punto D<br \/>\n&#8211; Museo del Cappello<\/p>\n<p>Bibliografia<br \/>\nIndici<\/p>\n","protected":false},"excerpt":{"rendered":"<p><span style=\"color: #4274bb;\"><strong>Guida turistica, citt\u00e0 e dintorni<\/strong><\/span><br \/>\nautore Lorenzo Lavriani<br \/>\n264 pagine a colori<br \/>\nformato 12\u00d721 cm, dorso 1,5 cm<br \/>\ncopertina morbida con alette<br \/>\nlingua italiano<\/p>\n<p><a href=\"http:\/\/www.editris2000.it\/?page_id=570\"><span style=\"color: #4274bb;\"><strong>Book Gallery<\/strong><\/span><\/a><\/p>\n<p>[vc_separator type=&#8221;transparent&#8221; up=&#8221;2&#8243;]<br \/>\n\u00a9 2007 Editris duemila snc, Torino<\/p>\n<p>ISBN-9788889853085<\/p>\n","protected":false},"featured_media":460,"comment_status":"open","ping_status":"closed","template":"","meta":[],"product_cat":[55],"product_tag":[],"yoast_head":"<!-- This site is optimized with the Yoast SEO plugin v20.9 - https:\/\/yoast.com\/wordpress\/plugins\/seo\/ -->\n<title>Alessandria - Editris2000<\/title>\n<meta name=\"robots\" content=\"index, follow, max-snippet:-1, max-image-preview:large, max-video-preview:-1\" \/>\n<link rel=\"canonical\" href=\"https:\/\/www.editris2000.it\/?product=alessandria\" \/>\n<meta property=\"og:locale\" content=\"it_IT\" \/>\n<meta property=\"og:type\" content=\"article\" \/>\n<meta property=\"og:title\" content=\"Alessandria - Editris2000\" \/>\n<meta property=\"og:description\" content=\"Guida turistica, citt\u00e0 e dintorni autore Lorenzo Lavriani 264 pagine a colori formato 12\u00d721 cm, dorso 1,5 cm copertina morbida con alette lingua italiano  Book Gallery  [vc_separator type=&quot;transparent&quot; up=&quot;2&quot;] \u00a9 2007 Editris duemila snc, Torino  ISBN-9788889853085\" \/>\n<meta property=\"og:url\" content=\"https:\/\/www.editris2000.it\/?product=alessandria\" \/>\n<meta property=\"og:site_name\" content=\"Editris2000\" \/>\n<meta property=\"article:modified_time\" content=\"2021-01-25T13:44:01+00:00\" \/>\n<meta property=\"og:image\" content=\"https:\/\/www.editris2000.it\/wp-content\/uploads\/2018\/05\/editris-guida-di-alessandria-acqui-terme-lorenzo-lavriani2.jpg\" \/>\n\t<meta property=\"og:image:width\" content=\"698\" \/>\n\t<meta property=\"og:image:height\" content=\"622\" \/>\n\t<meta property=\"og:image:type\" content=\"image\/jpeg\" \/>\n<meta name=\"twitter:card\" content=\"summary_large_image\" \/>\n<meta name=\"twitter:label1\" content=\"Tempo di lettura stimato\" \/>\n\t<meta name=\"twitter:data1\" content=\"2 minuti\" \/>\n<script type=\"application\/ld+json\" class=\"yoast-schema-graph\">{\"@context\":\"https:\/\/schema.org\",\"@graph\":[{\"@type\":\"WebPage\",\"@id\":\"https:\/\/www.editris2000.it\/?product=alessandria\",\"url\":\"https:\/\/www.editris2000.it\/?product=alessandria\",\"name\":\"Alessandria - Editris2000\",\"isPartOf\":{\"@id\":\"https:\/\/www.editris2000.it\/#website\"},\"datePublished\":\"2018-05-14T09:50:33+00:00\",\"dateModified\":\"2021-01-25T13:44:01+00:00\",\"breadcrumb\":{\"@id\":\"https:\/\/www.editris2000.it\/?product=alessandria#breadcrumb\"},\"inLanguage\":\"it-IT\",\"potentialAction\":[{\"@type\":\"ReadAction\",\"target\":[\"https:\/\/www.editris2000.it\/?product=alessandria\"]}]},{\"@type\":\"BreadcrumbList\",\"@id\":\"https:\/\/www.editris2000.it\/?product=alessandria#breadcrumb\",\"itemListElement\":[{\"@type\":\"ListItem\",\"position\":1,\"name\":\"Home\",\"item\":\"https:\/\/www.editris2000.it\/\"},{\"@type\":\"ListItem\",\"position\":2,\"name\":\"Shop\",\"item\":\"https:\/\/www.editris2000.it\/?page_id=253\"},{\"@type\":\"ListItem\",\"position\":3,\"name\":\"Alessandria\"}]},{\"@type\":\"WebSite\",\"@id\":\"https:\/\/www.editris2000.it\/#website\",\"url\":\"https:\/\/www.editris2000.it\/\",\"name\":\"Editris2000\",\"description\":\"Editori a Torino dal 1980\",\"potentialAction\":[{\"@type\":\"SearchAction\",\"target\":{\"@type\":\"EntryPoint\",\"urlTemplate\":\"https:\/\/www.editris2000.it\/?s={search_term_string}\"},\"query-input\":\"required name=search_term_string\"}],\"inLanguage\":\"it-IT\"}]}<\/script>\n<!-- \/ Yoast SEO plugin. -->","yoast_head_json":{"title":"Alessandria - Editris2000","robots":{"index":"index","follow":"follow","max-snippet":"max-snippet:-1","max-image-preview":"max-image-preview:large","max-video-preview":"max-video-preview:-1"},"canonical":"https:\/\/www.editris2000.it\/?product=alessandria","og_locale":"it_IT","og_type":"article","og_title":"Alessandria - Editris2000","og_description":"Guida turistica, citt\u00e0 e dintorni autore Lorenzo Lavriani 264 pagine a colori formato 12\u00d721 cm, dorso 1,5 cm copertina morbida con alette lingua italiano  Book Gallery  [vc_separator type=\"transparent\" up=\"2\"] \u00a9 2007 Editris duemila snc, Torino  ISBN-9788889853085","og_url":"https:\/\/www.editris2000.it\/?product=alessandria","og_site_name":"Editris2000","article_modified_time":"2021-01-25T13:44:01+00:00","og_image":[{"width":698,"height":622,"url":"https:\/\/www.editris2000.it\/wp-content\/uploads\/2018\/05\/editris-guida-di-alessandria-acqui-terme-lorenzo-lavriani2.jpg","type":"image\/jpeg"}],"twitter_card":"summary_large_image","twitter_misc":{"Tempo di lettura stimato":"2 minuti"},"schema":{"@context":"https:\/\/schema.org","@graph":[{"@type":"WebPage","@id":"https:\/\/www.editris2000.it\/?product=alessandria","url":"https:\/\/www.editris2000.it\/?product=alessandria","name":"Alessandria - Editris2000","isPartOf":{"@id":"https:\/\/www.editris2000.it\/#website"},"datePublished":"2018-05-14T09:50:33+00:00","dateModified":"2021-01-25T13:44:01+00:00","breadcrumb":{"@id":"https:\/\/www.editris2000.it\/?product=alessandria#breadcrumb"},"inLanguage":"it-IT","potentialAction":[{"@type":"ReadAction","target":["https:\/\/www.editris2000.it\/?product=alessandria"]}]},{"@type":"BreadcrumbList","@id":"https:\/\/www.editris2000.it\/?product=alessandria#breadcrumb","itemListElement":[{"@type":"ListItem","position":1,"name":"Home","item":"https:\/\/www.editris2000.it\/"},{"@type":"ListItem","position":2,"name":"Shop","item":"https:\/\/www.editris2000.it\/?page_id=253"},{"@type":"ListItem","position":3,"name":"Alessandria"}]},{"@type":"WebSite","@id":"https:\/\/www.editris2000.it\/#website","url":"https:\/\/www.editris2000.it\/","name":"Editris2000","description":"Editori a Torino dal 1980","potentialAction":[{"@type":"SearchAction","target":{"@type":"EntryPoint","urlTemplate":"https:\/\/www.editris2000.it\/?s={search_term_string}"},"query-input":"required name=search_term_string"}],"inLanguage":"it-IT"}]}},"_links":{"self":[{"href":"https:\/\/www.editris2000.it\/index.php?rest_route=\/wp\/v2\/product\/345"}],"collection":[{"href":"https:\/\/www.editris2000.it\/index.php?rest_route=\/wp\/v2\/product"}],"about":[{"href":"https:\/\/www.editris2000.it\/index.php?rest_route=\/wp\/v2\/types\/product"}],"replies":[{"embeddable":true,"href":"https:\/\/www.editris2000.it\/index.php?rest_route=%2Fwp%2Fv2%2Fcomments&post=345"}],"wp:featuredmedia":[{"embeddable":true,"href":"https:\/\/www.editris2000.it\/index.php?rest_route=\/wp\/v2\/media\/460"}],"wp:attachment":[{"href":"https:\/\/www.editris2000.it\/index.php?rest_route=%2Fwp%2Fv2%2Fmedia&parent=345"}],"wp:term":[{"taxonomy":"product_cat","embeddable":true,"href":"https:\/\/www.editris2000.it\/index.php?rest_route=%2Fwp%2Fv2%2Fproduct_cat&post=345"},{"taxonomy":"product_tag","embeddable":true,"href":"https:\/\/www.editris2000.it\/index.php?rest_route=%2Fwp%2Fv2%2Fproduct_tag&post=345"}],"curies":[{"name":"wp","href":"https:\/\/api.w.org\/{rel}","templated":true}]}}