{"id":9073,"date":"2021-07-07T07:57:16","date_gmt":"2021-07-07T07:57:16","guid":{"rendered":"https:\/\/www.editris2000.it\/?post_type=product&#038;p=9073"},"modified":"2023-03-06T09:15:44","modified_gmt":"2023-03-06T09:15:44","slug":"come-parla-un-ritratto-dipinti-poco-noti-dalle-collezioni-reali","status":"publish","type":"product","link":"https:\/\/www.editris2000.it\/?product=come-parla-un-ritratto-dipinti-poco-noti-dalle-collezioni-reali","title":{"rendered":"Come parla un ritratto. Dipinti poco noti dalle collezioni reali"},"content":{"rendered":"<p>Le opere in mostra, presentate in questo catalogo, sono state scelte tra quelle poco note di Palazzo Reale e della Galleria Sabauda.<br \/>\nIl percorso della mostra presenta i primi risultati di un censimento delle testimonianze figurative nell\u2019ambito del ritratto di corte nelle collezioni dei Musei Reali e permette<br \/>\ndi seguire alcuni aspetti dell\u2019evoluzione della ritrattistica dal tardo Cinquecento al primo Settecento.<br \/>\nLa sequenza delle opere prese in esame mette in evidenza il ruolo che essa ha svolto nella rappresentazione solenne e celebrativa del potere politico e militare, nella descrizione della ricchezza e del prestigio dei soggetti effigiati, ma anche nell\u2019illustrazione degli affetti e nell\u2019osservazione fisica e psicologica dei personaggi raffigurati. Molti sono gli elementi che guidano nella lettura di un ritratto,<br \/>\nmettendo in gioco conoscenze e competenze differenti. Lo sguardo e l\u2019espressione del volto permettono di vedere oltre le apparenze per catturare la personalit\u00e0 di coloro che sono effigiati, portandone alla luce emozioni e inclinazioni, al di l\u00e0 della loro identit\u00e0 a volte ignota.<\/p>\n<p><strong>Indice del volume<br \/>\n<\/strong><\/p>\n<p>1. L\u2019immagine del potere<br \/>\n2. La corte femminile<br \/>\n3. Legami di famiglia. L\u2019infanzia<br \/>\n4. Le alleanze internazionali<br \/>\nLe occasioni della salvaguardia: l\u2019intervento di restauro<br \/>\ncome strumento di conoscenza<\/p>\n","protected":false},"excerpt":{"rendered":"<p><span style=\"color: #4274bb;\"><strong>Come parla un ritratto. Dipinti poco noti dalle collezioni reali<\/strong><\/span><br \/>\n<em>Committente:<\/em> MiBACT-Musei Reali Torino<br \/>\n<em>A cura di:<\/em> Annamaria Bava, Alessandro Morandotti, Gelsomina Spione, Sofia Villano<br \/>\n78 pagine a colori<br \/>\nformato 15\u00d721 cm, dorso 1 cm<br \/>\ncopertina morbida<br \/>\nillustrato a colori<br \/>\nlingua: italiano<\/p>\n<p><a href=\"https:\/\/www.editris2000.it\/wp-content\/uploads\/2021\/07\/CATALOGO-RITRATTI-book-gallery.pdf\"><strong>Book Gallery<\/strong><\/a><br \/>\n[vc_separator type=&#8221;transparent&#8221; up=&#8221;2&#8243;]<\/p>\n<p>\u00a9 2021 Editris duemila snc, Torino<br \/>\nISBN-9788889853627<\/p>\n","protected":false},"featured_media":9075,"comment_status":"open","ping_status":"closed","template":"","meta":[],"product_cat":[127],"product_tag":[],"yoast_head":"<!-- This site is optimized with the Yoast SEO plugin v20.9 - https:\/\/yoast.com\/wordpress\/plugins\/seo\/ -->\n<title>Editris2000 - Come parla un ritratto. Dipinti poco noti dalle collezioni reali<\/title>\n<meta name=\"description\" content=\"Il volume documenta l\u2019arrivo a Torino della carrozza appartenuta a Vittorio Emanuele II ed esposta, insieme alle armi moderne, nei Musei Reali\" \/>\n<meta name=\"robots\" content=\"index, follow, max-snippet:-1, max-image-preview:large, max-video-preview:-1\" \/>\n<link rel=\"canonical\" href=\"https:\/\/www.editris2000.it\/?product=come-parla-un-ritratto-dipinti-poco-noti-dalle-collezioni-reali\" \/>\n<meta property=\"og:locale\" content=\"it_IT\" \/>\n<meta property=\"og:type\" content=\"article\" \/>\n<meta property=\"og:title\" content=\"Editris2000 - Come parla un ritratto. Dipinti poco noti dalle collezioni reali\" \/>\n<meta property=\"og:description\" content=\"Il volume documenta l\u2019arrivo a Torino della carrozza appartenuta a Vittorio Emanuele II ed esposta, insieme alle armi moderne, nei Musei Reali\" \/>\n<meta property=\"og:url\" content=\"https:\/\/www.editris2000.it\/?product=come-parla-un-ritratto-dipinti-poco-noti-dalle-collezioni-reali\" \/>\n<meta property=\"og:site_name\" content=\"Editris2000\" \/>\n<meta property=\"article:modified_time\" content=\"2023-03-06T09:15:44+00:00\" \/>\n<meta property=\"og:image\" content=\"https:\/\/www.editris2000.it\/wp-content\/uploads\/2021\/07\/cover-sito-come-parla-un-ritratto-.jpg\" \/>\n\t<meta property=\"og:image:width\" content=\"698\" \/>\n\t<meta property=\"og:image:height\" content=\"622\" \/>\n\t<meta property=\"og:image:type\" content=\"image\/jpeg\" \/>\n<meta name=\"twitter:card\" content=\"summary_large_image\" \/>\n<meta name=\"twitter:label1\" content=\"Tempo di lettura stimato\" \/>\n\t<meta name=\"twitter:data1\" content=\"1 minuto\" \/>\n<script type=\"application\/ld+json\" class=\"yoast-schema-graph\">{\"@context\":\"https:\/\/schema.org\",\"@graph\":[{\"@type\":\"WebPage\",\"@id\":\"https:\/\/www.editris2000.it\/?product=come-parla-un-ritratto-dipinti-poco-noti-dalle-collezioni-reali\",\"url\":\"https:\/\/www.editris2000.it\/?product=come-parla-un-ritratto-dipinti-poco-noti-dalle-collezioni-reali\",\"name\":\"Editris2000 - Come parla un ritratto. Dipinti poco noti dalle collezioni reali\",\"isPartOf\":{\"@id\":\"https:\/\/www.editris2000.it\/#website\"},\"datePublished\":\"2021-07-07T07:57:16+00:00\",\"dateModified\":\"2023-03-06T09:15:44+00:00\",\"description\":\"Il volume documenta l\u2019arrivo a Torino della carrozza appartenuta a Vittorio Emanuele II ed esposta, insieme alle armi moderne, nei Musei Reali\",\"breadcrumb\":{\"@id\":\"https:\/\/www.editris2000.it\/?product=come-parla-un-ritratto-dipinti-poco-noti-dalle-collezioni-reali#breadcrumb\"},\"inLanguage\":\"it-IT\",\"potentialAction\":[{\"@type\":\"ReadAction\",\"target\":[\"https:\/\/www.editris2000.it\/?product=come-parla-un-ritratto-dipinti-poco-noti-dalle-collezioni-reali\"]}]},{\"@type\":\"BreadcrumbList\",\"@id\":\"https:\/\/www.editris2000.it\/?product=come-parla-un-ritratto-dipinti-poco-noti-dalle-collezioni-reali#breadcrumb\",\"itemListElement\":[{\"@type\":\"ListItem\",\"position\":1,\"name\":\"Home\",\"item\":\"https:\/\/www.editris2000.it\/\"},{\"@type\":\"ListItem\",\"position\":2,\"name\":\"Shop\",\"item\":\"https:\/\/www.editris2000.it\/?page_id=253\"},{\"@type\":\"ListItem\",\"position\":3,\"name\":\"Come parla un ritratto. Dipinti poco noti dalle collezioni reali\"}]},{\"@type\":\"WebSite\",\"@id\":\"https:\/\/www.editris2000.it\/#website\",\"url\":\"https:\/\/www.editris2000.it\/\",\"name\":\"Editris2000\",\"description\":\"Editori a Torino dal 1980\",\"potentialAction\":[{\"@type\":\"SearchAction\",\"target\":{\"@type\":\"EntryPoint\",\"urlTemplate\":\"https:\/\/www.editris2000.it\/?s={search_term_string}\"},\"query-input\":\"required name=search_term_string\"}],\"inLanguage\":\"it-IT\"}]}<\/script>\n<!-- \/ Yoast SEO plugin. -->","yoast_head_json":{"title":"Editris2000 - Come parla un ritratto. Dipinti poco noti dalle collezioni reali","description":"Il volume documenta l\u2019arrivo a Torino della carrozza appartenuta a Vittorio Emanuele II ed esposta, insieme alle armi moderne, nei Musei Reali","robots":{"index":"index","follow":"follow","max-snippet":"max-snippet:-1","max-image-preview":"max-image-preview:large","max-video-preview":"max-video-preview:-1"},"canonical":"https:\/\/www.editris2000.it\/?product=come-parla-un-ritratto-dipinti-poco-noti-dalle-collezioni-reali","og_locale":"it_IT","og_type":"article","og_title":"Editris2000 - Come parla un ritratto. Dipinti poco noti dalle collezioni reali","og_description":"Il volume documenta l\u2019arrivo a Torino della carrozza appartenuta a Vittorio Emanuele II ed esposta, insieme alle armi moderne, nei Musei Reali","og_url":"https:\/\/www.editris2000.it\/?product=come-parla-un-ritratto-dipinti-poco-noti-dalle-collezioni-reali","og_site_name":"Editris2000","article_modified_time":"2023-03-06T09:15:44+00:00","og_image":[{"width":698,"height":622,"url":"https:\/\/www.editris2000.it\/wp-content\/uploads\/2021\/07\/cover-sito-come-parla-un-ritratto-.jpg","type":"image\/jpeg"}],"twitter_card":"summary_large_image","twitter_misc":{"Tempo di lettura stimato":"1 minuto"},"schema":{"@context":"https:\/\/schema.org","@graph":[{"@type":"WebPage","@id":"https:\/\/www.editris2000.it\/?product=come-parla-un-ritratto-dipinti-poco-noti-dalle-collezioni-reali","url":"https:\/\/www.editris2000.it\/?product=come-parla-un-ritratto-dipinti-poco-noti-dalle-collezioni-reali","name":"Editris2000 - Come parla un ritratto. Dipinti poco noti dalle collezioni reali","isPartOf":{"@id":"https:\/\/www.editris2000.it\/#website"},"datePublished":"2021-07-07T07:57:16+00:00","dateModified":"2023-03-06T09:15:44+00:00","description":"Il volume documenta l\u2019arrivo a Torino della carrozza appartenuta a Vittorio Emanuele II ed esposta, insieme alle armi moderne, nei Musei Reali","breadcrumb":{"@id":"https:\/\/www.editris2000.it\/?product=come-parla-un-ritratto-dipinti-poco-noti-dalle-collezioni-reali#breadcrumb"},"inLanguage":"it-IT","potentialAction":[{"@type":"ReadAction","target":["https:\/\/www.editris2000.it\/?product=come-parla-un-ritratto-dipinti-poco-noti-dalle-collezioni-reali"]}]},{"@type":"BreadcrumbList","@id":"https:\/\/www.editris2000.it\/?product=come-parla-un-ritratto-dipinti-poco-noti-dalle-collezioni-reali#breadcrumb","itemListElement":[{"@type":"ListItem","position":1,"name":"Home","item":"https:\/\/www.editris2000.it\/"},{"@type":"ListItem","position":2,"name":"Shop","item":"https:\/\/www.editris2000.it\/?page_id=253"},{"@type":"ListItem","position":3,"name":"Come parla un ritratto. Dipinti poco noti dalle collezioni reali"}]},{"@type":"WebSite","@id":"https:\/\/www.editris2000.it\/#website","url":"https:\/\/www.editris2000.it\/","name":"Editris2000","description":"Editori a Torino dal 1980","potentialAction":[{"@type":"SearchAction","target":{"@type":"EntryPoint","urlTemplate":"https:\/\/www.editris2000.it\/?s={search_term_string}"},"query-input":"required name=search_term_string"}],"inLanguage":"it-IT"}]}},"_links":{"self":[{"href":"https:\/\/www.editris2000.it\/index.php?rest_route=\/wp\/v2\/product\/9073"}],"collection":[{"href":"https:\/\/www.editris2000.it\/index.php?rest_route=\/wp\/v2\/product"}],"about":[{"href":"https:\/\/www.editris2000.it\/index.php?rest_route=\/wp\/v2\/types\/product"}],"replies":[{"embeddable":true,"href":"https:\/\/www.editris2000.it\/index.php?rest_route=%2Fwp%2Fv2%2Fcomments&post=9073"}],"wp:featuredmedia":[{"embeddable":true,"href":"https:\/\/www.editris2000.it\/index.php?rest_route=\/wp\/v2\/media\/9075"}],"wp:attachment":[{"href":"https:\/\/www.editris2000.it\/index.php?rest_route=%2Fwp%2Fv2%2Fmedia&parent=9073"}],"wp:term":[{"taxonomy":"product_cat","embeddable":true,"href":"https:\/\/www.editris2000.it\/index.php?rest_route=%2Fwp%2Fv2%2Fproduct_cat&post=9073"},{"taxonomy":"product_tag","embeddable":true,"href":"https:\/\/www.editris2000.it\/index.php?rest_route=%2Fwp%2Fv2%2Fproduct_tag&post=9073"}],"curies":[{"name":"wp","href":"https:\/\/api.w.org\/{rel}","templated":true}]}}